{"id":458,"date":"2023-05-12T12:04:57","date_gmt":"2023-05-12T12:04:57","guid":{"rendered":"https:\/\/aereco-kampany.hu\/?page_id=458"},"modified":"2024-09-11T10:12:52","modified_gmt":"2024-09-11T08:12:52","slug":"impresszum","status":"publish","type":"page","link":"https:\/\/aereco-kampany.hu\/?page_id=458","title":{"rendered":"Impresszum"},"content":{"rendered":"\t\t<div data-elementor-type=\"wp-page\" data-elementor-id=\"458\" class=\"elementor elementor-458\" data-elementor-post-type=\"page\">\n\t\t\t\t\t\t<section class=\"elementor-section elementor-top-section elementor-element elementor-element-4cad1e6e elementor-section-boxed elementor-section-height-default elementor-section-height-default\" data-id=\"4cad1e6e\" data-element_type=\"section\" data-e-type=\"section\">\n\t\t\t\t\t\t<div class=\"elementor-container elementor-column-gap-default\">\n\t\t\t\t\t<div class=\"elementor-column elementor-col-100 elementor-top-column elementor-element elementor-element-3f2bfb70\" data-id=\"3f2bfb70\" data-element_type=\"column\" data-e-type=\"column\">\n\t\t\t<div class=\"elementor-widget-wrap elementor-element-populated\">\n\t\t\t\t\t\t<div class=\"elementor-element elementor-element-46def78d elementor-widget elementor-widget-heading\" data-id=\"46def78d\" data-element_type=\"widget\" data-e-type=\"widget\" data-widget_type=\"heading.default\">\n\t\t\t\t<div class=\"elementor-widget-container\">\n\t\t\t\t\t<h2 class=\"elementor-heading-title elementor-size-default\">Impresszum<\/h2>\t\t\t\t<\/div>\n\t\t\t\t<\/div>\n\t\t\t\t<section class=\"elementor-section elementor-inner-section elementor-element elementor-element-1a7f361f elementor-section-boxed elementor-section-height-default elementor-section-height-default\" data-id=\"1a7f361f\" data-element_type=\"section\" data-e-type=\"section\">\n\t\t\t\t\t\t<div class=\"elementor-container elementor-column-gap-default\">\n\t\t\t\t\t<div class=\"elementor-column elementor-col-50 elementor-inner-column elementor-element elementor-element-3444d35a\" data-id=\"3444d35a\" data-element_type=\"column\" data-e-type=\"column\">\n\t\t\t<div class=\"elementor-widget-wrap elementor-element-populated\">\n\t\t\t\t\t\t<div class=\"elementor-element elementor-element-5bb4bc68 elementor-widget elementor-widget-heading\" data-id=\"5bb4bc68\" data-element_type=\"widget\" data-e-type=\"widget\" data-widget_type=\"heading.default\">\n\t\t\t\t<div class=\"elementor-widget-container\">\n\t\t\t\t\t<h2 class=\"elementor-heading-title elementor-size-default\">V\u00e1llalkoz\u00e1s adatai:<\/h2>\t\t\t\t<\/div>\n\t\t\t\t<\/div>\n\t\t\t\t<div class=\"elementor-element elementor-element-15213457 elementor-widget elementor-widget-text-editor\" data-id=\"15213457\" data-element_type=\"widget\" data-e-type=\"widget\" data-widget_type=\"text-editor.default\">\n\t\t\t\t<div class=\"elementor-widget-container\">\n\t\t\t\t\t\t\t\t\t<p><b>C\u00e9gn\u00e9v:<\/b> Aereco L\u00e9gtechnika Kft.<\/p><p><b>Sz\u00e9khely: <\/b>1139 Budapest, F\u00e1y utca 12\/A.<\/p><p><b>Posta c\u00edm:\u00a0<\/b>1139 Budapest, F\u00e1y utca 12\/A.<\/p><p><b>Ad\u00f3sz\u00e1m:<\/b> 11984515-2-41<\/p><p><strong>C\u00e9gjegyz\u00e9k-sz\u00e1m:<\/strong> 01 09 686531<\/p><p><b>Telefonsz\u00e1m:\u00a0<\/b>+36 1 214 4421<\/p><p><b>E-mail: <\/b>aereco@aereco.hu<\/p><p><strong>Webc\u00edm:<\/strong> www.aereco-kampany.hu<\/p>\t\t\t\t\t\t\t\t<\/div>\n\t\t\t\t<\/div>\n\t\t\t\t\t<\/div>\n\t\t<\/div>\n\t\t\t\t<div class=\"elementor-column elementor-col-50 elementor-inner-column elementor-element elementor-element-64136743\" data-id=\"64136743\" data-element_type=\"column\" data-e-type=\"column\">\n\t\t\t<div class=\"elementor-widget-wrap elementor-element-populated\">\n\t\t\t\t\t\t<div class=\"elementor-element elementor-element-4b8f9ba1 elementor-widget elementor-widget-heading\" data-id=\"4b8f9ba1\" data-element_type=\"widget\" data-e-type=\"widget\" data-widget_type=\"heading.default\">\n\t\t\t\t<div class=\"elementor-widget-container\">\n\t\t\t\t\t<h2 class=\"elementor-heading-title elementor-size-default\">T\u00e1rhelyszolg\u00e1ltat\u00f3 adatai:<\/h2>\t\t\t\t<\/div>\n\t\t\t\t<\/div>\n\t\t\t\t<div class=\"elementor-element elementor-element-4f4ca35a elementor-widget elementor-widget-text-editor\" data-id=\"4f4ca35a\" data-element_type=\"widget\" data-e-type=\"widget\" data-widget_type=\"text-editor.default\">\n\t\t\t\t<div class=\"elementor-widget-container\">\n\t\t\t\t\t\t\t\t\t<p><b>C\u00e9gn\u00e9v:<\/b> T\u00e1rhely.Eu Szolg\u00e1ltat\u00f3 Kft.<\/p><p><b>Sz\u00e9khely: <\/b>1097\u00a0Budapest,\u00a0K\u00f6nyves K\u00e1lm\u00e1n k\u00f6r\u00fat 12-14.<\/p><p><b>Posta c\u00edm: <\/b>1538 Budapest, Pf.: 510.<\/p><p><b>Ad\u00f3sz\u00e1m:<\/b> 14571332-2-42<\/p><p><strong>C\u00e9gjegyz\u00e9k-sz\u00e1m:<\/strong> 01-09-909968<\/p><p><b>Telefonsz\u00e1m: <\/b>+36 1 789 2789<\/p><p><b>E-mail: <\/b>support@tarhely.eu<\/p><p><strong>Webc\u00edm:<\/strong> www.tarhely.eu<\/p>\t\t\t\t\t\t\t\t<\/div>\n\t\t\t\t<\/div>\n\t\t\t\t\t<\/div>\n\t\t<\/div>\n\t\t\t\t\t<\/div>\n\t\t<\/section>\n\t\t\t\t\t<\/div>\n\t\t<\/div>\n\t\t\t\t\t<\/div>\n\t\t<\/section>\n\t\t\t\t<\/div>\n\t\t","protected":false},"excerpt":{"rendered":"<p>Impresszum V\u00e1llalkoz\u00e1s adatai: C\u00e9gn\u00e9v: Aereco L\u00e9gtechnika Kft. Sz\u00e9khely: 1139 Budapest, F\u00e1y utca 12\/A. Posta c\u00edm:\u00a01139 Budapest, F\u00e1y utca 12\/A. Ad\u00f3sz\u00e1m: 11984515-2-41 C\u00e9gjegyz\u00e9k-sz\u00e1m: 01 09 686531 Telefonsz\u00e1m:\u00a0+36 1 214 4421 E-mail: aereco@aereco.hu Webc\u00edm: www.aereco-kampany.hu T\u00e1rhelyszolg\u00e1ltat\u00f3 adatai: C\u00e9gn\u00e9v: T\u00e1rhely.Eu Szolg\u00e1ltat\u00f3 Kft. Sz\u00e9khely: 1097\u00a0Budapest,\u00a0K\u00f6nyves K\u00e1lm\u00e1n k\u00f6r\u00fat 12-14. Posta c\u00edm: 1538 Budapest, Pf.: 510. Ad\u00f3sz\u00e1m: 14571332-2-42 C\u00e9gjegyz\u00e9k-sz\u00e1m: 01-09-909968 Telefonsz\u00e1m: [&hellip;]<\/p>\n","protected":false},"author":1,"featured_media":0,"parent":0,"menu_order":0,"comment_status":"closed","ping_status":"closed","template":"elementor_header_footer","meta":{"footnotes":""},"class_list":["post-458","page","type-page","status-publish","hentry"],"yoast_head":"<!-- This site is optimized with the Yoast SEO plugin v27.4 - https:\/\/yoast.com\/product\/yoast-seo-wordpress\/ -->\n<title>Impresszum - Aereco-kampany<\/title>\n<meta name=\"robots\" content=\"index, follow, max-snippet:-1, max-image-preview:large, max-video-preview:-1\" \/>\n<link rel=\"canonical\" href=\"https:\/\/aereco-kampany.hu\/?page_id=458\" \/>\n<meta property=\"og:locale\" content=\"hu_HU\" \/>\n<meta property=\"og:type\" content=\"article\" \/>\n<meta property=\"og:title\" content=\"Impresszum - Aereco-kampany\" \/>\n<meta property=\"og:description\" content=\"Impresszum V\u00e1llalkoz\u00e1s adatai: C\u00e9gn\u00e9v: Aereco L\u00e9gtechnika Kft. Sz\u00e9khely: 1139 Budapest, F\u00e1y utca 12\/A. Posta c\u00edm:\u00a01139 Budapest, F\u00e1y utca 12\/A. Ad\u00f3sz\u00e1m: 11984515-2-41 C\u00e9gjegyz\u00e9k-sz\u00e1m: 01 09 686531 Telefonsz\u00e1m:\u00a0+36 1 214 4421 E-mail: aereco@aereco.hu Webc\u00edm: www.aereco-kampany.hu T\u00e1rhelyszolg\u00e1ltat\u00f3 adatai: C\u00e9gn\u00e9v: T\u00e1rhely.Eu Szolg\u00e1ltat\u00f3 Kft. Sz\u00e9khely: 1097\u00a0Budapest,\u00a0K\u00f6nyves K\u00e1lm\u00e1n k\u00f6r\u00fat 12-14. Posta c\u00edm: 1538 Budapest, Pf.: 510. Ad\u00f3sz\u00e1m: 14571332-2-42 C\u00e9gjegyz\u00e9k-sz\u00e1m: 01-09-909968 Telefonsz\u00e1m: [&hellip;]\" \/>\n<meta property=\"og:url\" content=\"https:\/\/aereco-kampany.hu\/?page_id=458\" \/>\n<meta property=\"og:site_name\" content=\"Aereco-kampany\" \/>\n<meta property=\"article:modified_time\" content=\"2024-09-11T08:12:52+00:00\" \/>\n<meta name=\"twitter:card\" content=\"summary_large_image\" \/>\n<meta name=\"twitter:label1\" content=\"Becs\u00fclt olvas\u00e1si id\u0151\" \/>\n\t<meta name=\"twitter:data1\" content=\"1 perc\" \/>\n<script type=\"application\/ld+json\" class=\"yoast-schema-graph\">{\"@context\":\"https:\\\/\\\/schema.org\",\"@graph\":[{\"@type\":\"WebPage\",\"@id\":\"https:\\\/\\\/aereco-kampany.hu\\\/?page_id=458\",\"url\":\"https:\\\/\\\/aereco-kampany.hu\\\/?page_id=458\",\"name\":\"Impresszum - Aereco-kampany\",\"isPartOf\":{\"@id\":\"https:\\\/\\\/aereco-kampany.hu\\\/#website\"},\"datePublished\":\"2023-05-12T12:04:57+00:00\",\"dateModified\":\"2024-09-11T08:12:52+00:00\",\"breadcrumb\":{\"@id\":\"https:\\\/\\\/aereco-kampany.hu\\\/?page_id=458#breadcrumb\"},\"inLanguage\":\"hu\",\"potentialAction\":[{\"@type\":\"ReadAction\",\"target\":[\"https:\\\/\\\/aereco-kampany.hu\\\/?page_id=458\"]}]},{\"@type\":\"BreadcrumbList\",\"@id\":\"https:\\\/\\\/aereco-kampany.hu\\\/?page_id=458#breadcrumb\",\"itemListElement\":[{\"@type\":\"ListItem\",\"position\":1,\"name\":\"Kezd\u0151lap\",\"item\":\"https:\\\/\\\/aereco-kampany.hu\\\/\"},{\"@type\":\"ListItem\",\"position\":2,\"name\":\"Impresszum\"}]},{\"@type\":\"WebSite\",\"@id\":\"https:\\\/\\\/aereco-kampany.hu\\\/#website\",\"url\":\"https:\\\/\\\/aereco-kampany.hu\\\/\",\"name\":\"Aereco-kampany\",\"description\":\"Aereco Kamp\u00e1ny\",\"publisher\":{\"@id\":\"https:\\\/\\\/aereco-kampany.hu\\\/#organization\"},\"potentialAction\":[{\"@type\":\"SearchAction\",\"target\":{\"@type\":\"EntryPoint\",\"urlTemplate\":\"https:\\\/\\\/aereco-kampany.hu\\\/?s={search_term_string}\"},\"query-input\":{\"@type\":\"PropertyValueSpecification\",\"valueRequired\":true,\"valueName\":\"search_term_string\"}}],\"inLanguage\":\"hu\"},{\"@type\":\"Organization\",\"@id\":\"https:\\\/\\\/aereco-kampany.hu\\\/#organization\",\"name\":\"Aereco-kampany\",\"url\":\"https:\\\/\\\/aereco-kampany.hu\\\/\",\"logo\":{\"@type\":\"ImageObject\",\"inLanguage\":\"hu\",\"@id\":\"https:\\\/\\\/aereco-kampany.hu\\\/#\\\/schema\\\/logo\\\/image\\\/\",\"url\":\"https:\\\/\\\/aereco-kampany.hu\\\/wp-content\\\/uploads\\\/2023\\\/05\\\/aereco_aldesgroup_logo.png\",\"contentUrl\":\"https:\\\/\\\/aereco-kampany.hu\\\/wp-content\\\/uploads\\\/2023\\\/05\\\/aereco_aldesgroup_logo.png\",\"width\":2511,\"height\":821,\"caption\":\"Aereco-kampany\"},\"image\":{\"@id\":\"https:\\\/\\\/aereco-kampany.hu\\\/#\\\/schema\\\/logo\\\/image\\\/\"}}]}<\/script>\n<!-- \/ Yoast SEO plugin. -->","yoast_head_json":{"title":"Impresszum - Aereco-kampany","robots":{"index":"index","follow":"follow","max-snippet":"max-snippet:-1","max-image-preview":"max-image-preview:large","max-video-preview":"max-video-preview:-1"},"canonical":"https:\/\/aereco-kampany.hu\/?page_id=458","og_locale":"hu_HU","og_type":"article","og_title":"Impresszum - Aereco-kampany","og_description":"Impresszum V\u00e1llalkoz\u00e1s adatai: C\u00e9gn\u00e9v: Aereco L\u00e9gtechnika Kft. Sz\u00e9khely: 1139 Budapest, F\u00e1y utca 12\/A. Posta c\u00edm:\u00a01139 Budapest, F\u00e1y utca 12\/A. Ad\u00f3sz\u00e1m: 11984515-2-41 C\u00e9gjegyz\u00e9k-sz\u00e1m: 01 09 686531 Telefonsz\u00e1m:\u00a0+36 1 214 4421 E-mail: aereco@aereco.hu Webc\u00edm: www.aereco-kampany.hu T\u00e1rhelyszolg\u00e1ltat\u00f3 adatai: C\u00e9gn\u00e9v: T\u00e1rhely.Eu Szolg\u00e1ltat\u00f3 Kft. Sz\u00e9khely: 1097\u00a0Budapest,\u00a0K\u00f6nyves K\u00e1lm\u00e1n k\u00f6r\u00fat 12-14. Posta c\u00edm: 1538 Budapest, Pf.: 510. Ad\u00f3sz\u00e1m: 14571332-2-42 C\u00e9gjegyz\u00e9k-sz\u00e1m: 01-09-909968 Telefonsz\u00e1m: [&hellip;]","og_url":"https:\/\/aereco-kampany.hu\/?page_id=458","og_site_name":"Aereco-kampany","article_modified_time":"2024-09-11T08:12:52+00:00","twitter_card":"summary_large_image","twitter_misc":{"Becs\u00fclt olvas\u00e1si id\u0151":"1 perc"},"schema":{"@context":"https:\/\/schema.org","@graph":[{"@type":"WebPage","@id":"https:\/\/aereco-kampany.hu\/?page_id=458","url":"https:\/\/aereco-kampany.hu\/?page_id=458","name":"Impresszum - Aereco-kampany","isPartOf":{"@id":"https:\/\/aereco-kampany.hu\/#website"},"datePublished":"2023-05-12T12:04:57+00:00","dateModified":"2024-09-11T08:12:52+00:00","breadcrumb":{"@id":"https:\/\/aereco-kampany.hu\/?page_id=458#breadcrumb"},"inLanguage":"hu","potentialAction":[{"@type":"ReadAction","target":["https:\/\/aereco-kampany.hu\/?page_id=458"]}]},{"@type":"BreadcrumbList","@id":"https:\/\/aereco-kampany.hu\/?page_id=458#breadcrumb","itemListElement":[{"@type":"ListItem","position":1,"name":"Kezd\u0151lap","item":"https:\/\/aereco-kampany.hu\/"},{"@type":"ListItem","position":2,"name":"Impresszum"}]},{"@type":"WebSite","@id":"https:\/\/aereco-kampany.hu\/#website","url":"https:\/\/aereco-kampany.hu\/","name":"Aereco-kampany","description":"Aereco Kamp\u00e1ny","publisher":{"@id":"https:\/\/aereco-kampany.hu\/#organization"},"potentialAction":[{"@type":"SearchAction","target":{"@type":"EntryPoint","urlTemplate":"https:\/\/aereco-kampany.hu\/?s={search_term_string}"},"query-input":{"@type":"PropertyValueSpecification","valueRequired":true,"valueName":"search_term_string"}}],"inLanguage":"hu"},{"@type":"Organization","@id":"https:\/\/aereco-kampany.hu\/#organization","name":"Aereco-kampany","url":"https:\/\/aereco-kampany.hu\/","logo":{"@type":"ImageObject","inLanguage":"hu","@id":"https:\/\/aereco-kampany.hu\/#\/schema\/logo\/image\/","url":"https:\/\/aereco-kampany.hu\/wp-content\/uploads\/2023\/05\/aereco_aldesgroup_logo.png","contentUrl":"https:\/\/aereco-kampany.hu\/wp-content\/uploads\/2023\/05\/aereco_aldesgroup_logo.png","width":2511,"height":821,"caption":"Aereco-kampany"},"image":{"@id":"https:\/\/aereco-kampany.hu\/#\/schema\/logo\/image\/"}}]}},"_links":{"self":[{"href":"https:\/\/aereco-kampany.hu\/index.php?rest_route=\/wp\/v2\/pages\/458","targetHints":{"allow":["GET"]}}],"collection":[{"href":"https:\/\/aereco-kampany.hu\/index.php?rest_route=\/wp\/v2\/pages"}],"about":[{"href":"https:\/\/aereco-kampany.hu\/index.php?rest_route=\/wp\/v2\/types\/page"}],"author":[{"embeddable":true,"href":"https:\/\/aereco-kampany.hu\/index.php?rest_route=\/wp\/v2\/users\/1"}],"replies":[{"embeddable":true,"href":"https:\/\/aereco-kampany.hu\/index.php?rest_route=%2Fwp%2Fv2%2Fcomments&post=458"}],"version-history":[{"count":0,"href":"https:\/\/aereco-kampany.hu\/index.php?rest_route=\/wp\/v2\/pages\/458\/revisions"}],"wp:attachment":[{"href":"https:\/\/aereco-kampany.hu\/index.php?rest_route=%2Fwp%2Fv2%2Fmedia&parent=458"}],"curies":[{"name":"wp","href":"https:\/\/api.w.org\/{rel}","templated":true}]}}