{"id":495,"date":"2023-05-12T12:22:56","date_gmt":"2023-05-12T12:22:56","guid":{"rendered":"https:\/\/aereco-kampany.hu\/?page_id=495"},"modified":"2025-03-06T13:31:20","modified_gmt":"2025-03-06T11:31:20","slug":"cookie-nyilatkozat","status":"publish","type":"page","link":"https:\/\/aereco-kampany.hu\/?page_id=495","title":{"rendered":"Cookie nyilatkozat"},"content":{"rendered":"\t\t<div data-elementor-type=\"wp-page\" data-elementor-id=\"495\" class=\"elementor elementor-495\" data-elementor-post-type=\"page\">\n\t\t\t\t\t\t<section class=\"elementor-section elementor-top-section elementor-element elementor-element-18932cb0 elementor-section-boxed elementor-section-height-default elementor-section-height-default\" data-id=\"18932cb0\" data-element_type=\"section\" data-e-type=\"section\">\n\t\t\t\t\t\t<div class=\"elementor-container elementor-column-gap-default\">\n\t\t\t\t\t<div class=\"elementor-column elementor-col-100 elementor-top-column elementor-element elementor-element-1c94bf6\" data-id=\"1c94bf6\" data-element_type=\"column\" data-e-type=\"column\">\n\t\t\t<div class=\"elementor-widget-wrap elementor-element-populated\">\n\t\t\t\t\t\t<div class=\"elementor-element elementor-element-6fc830cb elementor-widget elementor-widget-heading\" data-id=\"6fc830cb\" data-element_type=\"widget\" data-e-type=\"widget\" data-widget_type=\"heading.default\">\n\t\t\t\t<div class=\"elementor-widget-container\">\n\t\t\t\t\t<h2 class=\"elementor-heading-title elementor-size-default\"><h2><strong>Cookie<\/strong>\nNyilatkozat<\/h2><\/h2>\t\t\t\t<\/div>\n\t\t\t\t<\/div>\n\t\t\t\t<div class=\"elementor-element elementor-element-245fa982 elementor-widget elementor-widget-text-editor\" data-id=\"245fa982\" data-element_type=\"widget\" data-e-type=\"widget\" data-widget_type=\"text-editor.default\">\n\t\t\t\t<div class=\"elementor-widget-container\">\n\t\t\t\t\t\t\t\t\t<p data-id=\"0279541\" data-element_type=\"widget\" data-widget_type=\"heading.default\"><span style=\"color: #000000;\"><span style=\"font-size: 16px;\">Az&nbsp;<\/span><strong style=\"font-size: 16px;\">AERECO L\u00e9gtechnika Kft.<\/strong><span style=\"font-size: 16px;\">&nbsp;(C\u00edm: 1139 Budapest, F\u00e1y u. 12\/A.., c\u00e9gjegyz\u00e9ksz\u00e1m: 01-09-686531,&nbsp;Ad\u00f3sz\u00e1m: 11984515-2-41, NAIH-96591\/2016),&nbsp;<\/span><strong style=\"font-size: 16px;\">mint Adatkezel\u0151<\/strong><span style=\"font-size: 16px;\">&nbsp;elk\u00f6telezett \u00fcgyfelei \u00e9s partnerei&nbsp;szem\u00e9lyes adatainak v\u00e9delm\u00e9ben, kiemelten fontosnak tartja \u00fcgyfelei inform\u00e1ci\u00f3s rendelkez\u00e9si jog\u00e1nak&nbsp;tiszteletben tart\u00e1s\u00e1t.<\/span><\/span><\/p>\n<div data-id=\"323b09f\" data-element_type=\"widget\" data-widget_type=\"text-editor.default\">\n<p>Az<span style=\"color: #000000;\"> Aereco L\u00e9gtechnika Kft. a szem\u00e9lyes adatokat bizalmasan kezeli, \u00e9s megtesz minden olyan&nbsp;biztons\u00e1gi, technikai \u00e9s szervez\u00e9si int\u00e9zked\u00e9st, mely az adatok biztons\u00e1g\u00e1t garant\u00e1lja.K\u00e9rj\u00fck, vegye fel vel\u00fcnk a kapcsolatot, amennyiben jelen S\u00fctikre vonatkoz\u00f3 k\u00f6zlem\u00e9ny tekintet\u00e9ben b\u00e1rmilyen k\u00e9rd\u00e9se van.<br><strong>E-mail<\/strong>: &nbsp;&nbsp;&nbsp;&nbsp;&nbsp;&nbsp;&nbsp;&nbsp;&nbsp;&nbsp;&nbsp;&nbsp;&nbsp;&nbsp;&nbsp; dpo[at]aereco.com<br><strong>C\u00edm<\/strong>:&nbsp; &nbsp; &nbsp; &nbsp; &nbsp; &nbsp; Le d\u00e9l\u00e9gu\u00e9 \u00e0 la protection des donn\u00e9es \u2013 AERECO \u2013 62 rue de Lamirault \u2013 Coll\u00e9gien \u2013 77615 MARNE-LA-VALLEE cedex 03.<br>Webhelyeink a k\u00f6vetkez\u0151k: www.tervezok.aereco-akademia.hu<\/span><\/p>\n<h3><span style=\"color: #000000;\"><strong>Bevezet\u00e9s<\/strong><\/span><\/h3>\n<p><span style=\"color: #000000;\">Jelen S\u00fctikre vonatkoz\u00f3 k\u00f6zlem\u00e9ny azt ismerteti, hogyan haszn\u00e1lunk s\u00fctiket (cookie-kat) webhelyeinken. Nyilatkozatk\u00e9nt szolg\u00e1l a webhelyeinken m\u0171k\u00f6d\u0151 s\u00fctikkel, a s\u00fctik c\u00e9lj\u00e1val \u00e9s azzal kapcsolatban, hogy a s\u00fctik mit k\u00f6vetnek nyomon. Jelen S\u00fctikre vonatkoz\u00f3 k\u00f6zlem\u00e9ny egy\u00fattal arr\u00f3l is t\u00e1j\u00e9koztat, hogy az alkalmazott s\u00fctiket hogyan lehet letiltani. Arr\u00f3l, hogy hogyan haszn\u00e1ljuk fel a szem\u00e9lyes adatokat, az Adatv\u00e9delmi nyilatkozatunkban tal\u00e1lhat tov\u00e1bbi inform\u00e1ci\u00f3t.<\/span><\/p>\n<h3><span style=\"color: #000000;\"><strong>Mik azok a s\u00fctik?<\/strong><\/span><\/h3>\n<p><span style=\"color: #000000;\">A s\u00fctik kism\u00e9ret\u0171 sz\u00f6veges f\u00e1jlok, amelyeket az \u00d6n \u00e1ltal felkeresett weboldalak helyeznek el a sz\u00e1m\u00edt\u00f3g\u00e9p\u00e9n. Ezeket sz\u00e9les k\u00f6rben alkalmazz\u00e1k a weboldalak m\u0171k\u00f6d\u0151k\u00e9pess\u00e9g\u00e9nek vagy hat\u00e9konyabb m\u0171k\u00f6d\u00e9s\u00e9nek a biztos\u00edt\u00e1s\u00e1ra, valamint a weboldal tulajdonosainak a t\u00e1j\u00e9koztat\u00e1s\u00e1ra. A s\u00fctik a seg\u00edts\u00e9g\u00fcnkre vannak abban, hogy megjegyezz\u00fck a webhelyeinken tett l\u00e1togat\u00e1saival kapcsolatos r\u00e9szleteket, mint amilyen az el\u0151nyben r\u00e9szes\u00edtett nyelv \u00e9s m\u00e1s kiv\u00e1lasztott\/be\u00e1ll\u00edtott elemek, valamint hogy \u00e1ltal\u00e1noss\u00e1gban v\u00e9ve megk\u00f6nny\u00edts\u00fck az \u00d6n sz\u00e1m\u00e1ra a webhely haszn\u00e1lat\u00e1t. Felhaszn\u00e1lhat\u00f3k tov\u00e1bb\u00e1 arra, hogy az \u00d6n sz\u00e1m\u00e1ra relev\u00e1ns hirdet\u00e9sek jelenjenek meg.<\/span><\/p>\n<h3><span style=\"color: #000000;\"><strong>Milyen t\u00edpus\u00fa s\u00fctiket haszn\u00e1lunk, \u00e9s mi\u00e9rt?<\/strong><\/span><\/h3>\n<p><span style=\"color: #000000;\">Az al\u00e1bbi s\u00fctiket haszn\u00e1ljuk a webhelyeinken:<\/span><\/p>\n<table>\n<tbody>\n<tr>\n<td><span style=\"color: #000000;\">S\u00fcti<\/span><\/td>\n<td><span style=\"color: #000000;\">C\u00e9l<\/span><\/td>\n<\/tr>\n<tr>\n<td><span style=\"color: #000000;\">Sz\u00fcks\u00e9ges s\u00fcti<\/span><\/td>\n<td><span style=\"color: #000000;\">Ez a s\u00fcti annak megjegyz\u00e9s\u00e9re szolg\u00e1l, hogy a felhaszn\u00e1l\u00f3 a s\u00fctikkel kapcsolatban milyen lehet\u0151s\u00e9geket v\u00e1lasztott ki a webhelyeinken. Amennyiben a felhaszn\u00e1l\u00f3k kor\u00e1bban megadtak egy\u00e9ni be\u00e1ll\u00edt\u00e1sokat, a felhaszn\u00e1l\u00f3k egy\u00e9ni be\u00e1ll\u00edt\u00e1sait ez a s\u00fcti t\u00e1rolja.<\/span><\/td>\n<\/tr>\n<tr>\n<td><span style=\"color: #000000;\">Funkcion\u00e1lis s\u00fcti<\/span><\/td>\n<td><span style=\"color: #000000;\">Ezekre a s\u00fctikre annak biztos\u00edt\u00e1sa \u00e9rdek\u00e9ben van sz\u00fcks\u00e9g, hogy a webhelyek megfelel\u0151en m\u0171k\u00f6djenek. Ezek a s\u00fctik munkameneti s\u00fctik, vagyis t\u00f6rl\u0151dnek, amikor a felhaszn\u00e1l\u00f3 bez\u00e1rja az internetes b\u00f6ng\u00e9sz\u0151t. A munkameneti s\u00fctik nem gy\u0171jtenek inform\u00e1ci\u00f3kat a felhaszn\u00e1l\u00f3 sz\u00e1m\u00edt\u00f3g\u00e9p\u00e9r\u0151l, hanem jellemz\u0151en inform\u00e1ci\u00f3kat t\u00e1rolnak a felhaszn\u00e1l\u00f3t szem\u00e9ly\u00e9ben nem azonos\u00edt\u00f3, munkameneti azonos\u00edt\u00f3k form\u00e1j\u00e1ban.<\/span><br><span style=\"color: #000000;\">A s\u00fctikezel\u0151 eszk\u00f6z\u00fcnkkel ezek a s\u00fctik nem utas\u00edthat\u00f3k el. Ezek a s\u00fctik a b\u00f6ng\u00e9sz\u0151 be\u00e1ll\u00edt\u00e1sai k\u00f6z\u00f6tt az \u00f6sszes s\u00fcti elutas\u00edt\u00e1sa be\u00e1ll\u00edt\u00e1ssal szab\u00e1lyozhat\u00f3k.<\/span><\/td>\n<\/tr>\n<tr>\n<td><span style=\"color: #000000;\">Statisztikai s\u00fctik<\/span><\/td>\n<td><span style=\"color: #000000;\">Ezek a s\u00fctik analitikai adatokat gy\u0171jtenek a webhelyeink haszn\u00e1lat\u00e1r\u00f3l, bele\u00e9rtve az egyes felhaszn\u00e1l\u00f3k megk\u00fcl\u00f6nb\u00f6ztet\u00e9s\u00e9t, az el\u0151z\u0151 l\u00e1togat\u00e1sok sz\u00e1m\u00e1nak \u00e9s id\u0151pontj\u00e1nak a r\u00f6gz\u00edt\u00e9s\u00e9t, a forgalmi forr\u00e1sokra vonatkoz\u00f3 inform\u00e1ci\u00f3k megjegyz\u00e9s\u00e9t, valamint a munkamenetek kezdet\u00e9nek \u00e9s v\u00e9g\u00e9nek a meghat\u00e1roz\u00e1s\u00e1t.<\/span><br><span style=\"color: #000000;\">A b\u00f6ng\u00e9sz\u0151t be\u00e1ll\u00edthatja \u00fagy, hogy visszautas\u00edtsa a s\u00fctiket, vagy figyelmeztet\u00e9st k\u00fcldj\u00f6n \u00d6nnek, amikor valamelyik weboldal megpr\u00f3b\u00e1l s\u00fctit elhelyezni a sz\u00e1m\u00edt\u00f3g\u00e9p\u00e9n.<\/span><\/td>\n<\/tr>\n<\/tbody>\n<\/table>\n<h3><span style=\"color: #000000;\"><strong>R\u00e9szletes tudnival\u00f3k a s\u00fctikr\u0151l<\/strong><\/span><\/h3>\n<p><span style=\"color: #000000;\">A webhelyeinken haszn\u00e1lt s\u00fctikr\u0151l \u00e9s azok kezel\u00e9si m\u00f3dj\u00e1r\u00f3l tov\u00e1bbi tudnival\u00f3kat lentebb tal\u00e1l.<\/span><\/p>\n<h3><span style=\"color: #000000;\"><strong><br>A s\u00fctik kezel\u00e9se<br><\/strong><\/span><\/h3>\n<p><span style=\"color: #000000;\">A b\u00f6ng\u00e9sz\u0151j\u00e9n bel\u00fcl kiv\u00e1laszthatja, hogy el k\u00edv\u00e1nja-e fogadni a s\u00fctiket minden webhelyen vagy sem. A k\u00fcl\u00f6nb\u00f6z\u0151 b\u00f6ng\u00e9sz\u0151kben elt\u00e9r\u0151 be\u00e1ll\u00edt\u00e1sok \u00e1llnak rendelkez\u00e9sre. Az al\u00e1bb megadott linkeken \u00e9rheti el ezeket a be\u00e1ll\u00edt\u00e1sokat a n\u00e9pszer\u0171 b\u00f6ng\u00e9sz\u0151kben. A b\u00f6ng\u00e9sz\u0151je mindig felaj\u00e1nlja a lehet\u0151s\u00e9get a s\u00fctik elfogad\u00e1s\u00e1ra, elutas\u00edt\u00e1s\u00e1ra, illetve t\u00f6rl\u00e9s\u00e9re \u00e1ltal\u00e1nos \u00e9rv\u00e9nnyel, vagy konkr\u00e9t webhelyek tekintet\u00e9ben:<\/span><\/p>\n<ul>\n<li><span style=\"color: #000000;\">S\u00fctik kezel\u00e9se: <a style=\"color: #000000;\" href=\"https:\/\/support.mozilla.org\/en-US\/kb\/enable-and-disable-cookies-website-preferences\">Fire Fox<\/a><\/span><\/li>\n<li><span style=\"color: #000000;\">S\u00fctik kezel\u00e9se: <a style=\"color: #000000;\" href=\"https:\/\/support.apple.com\/en-ie\/guide\/safari\/sfri11471\/mac\">Safari<\/a><\/span><\/li>\n<li><span style=\"color: #000000;\">S\u00fctik kezel\u00e9se: <a style=\"color: #000000;\" href=\"https:\/\/support.google.com\/accounts\/answer\/61416?co=GENIE.Platform%3DDesktop&amp;hl=en\">Chrome<\/a><\/span><\/li>\n<li><span style=\"color: #000000;\">S\u00fctik kezel\u00e9se: <a style=\"color: #000000;\" href=\"https:\/\/privacy.microsoft.com\/en-us\/windows-10-microsoft-edge-and-privacy\">MS Edge<\/a><\/span><\/li>\n<\/ul>\n<h3><span style=\"color: #000000;\"><strong><br>K\u00fcls\u0151 felek webhelyei<\/strong><\/span><\/h3>\n<p><span style=\"color: #000000;\">A saj\u00e1t webhelyeink k\u00fcls\u0151 felek webhelyeire mutat\u00f3 hivatkoz\u00e1sokat vagy azokr\u00f3l a saj\u00e1t webhelyeinkre vezet\u0151 linkeket tartalmazhatnak. Amennyiben b\u00e1rmely ilyen webhelyre mutat\u00f3 hivatkoz\u00e1st k\u00f6vet, k\u00e9rj\u00fck, ne feledje, hogy ezek a webhelyek \u00e1ltalunk j\u00f3v\u00e1 nem hagyott, saj\u00e1t adatv\u00e9delmi be\u00e1ll\u00edt\u00e1sokkal rendelkezhetnek. Ezek\u00e9rt a k\u00fcls\u0151 felekhez tartoz\u00f3 webhelyek\u00e9rt nincs m\u00f3dunkban felel\u0151ss\u00e9get, illetve k\u00f6telezetts\u00e9get v\u00e1llalni. K\u00e9rj\u00fck, megfelel\u0151 k\u00f6r\u00fcltekint\u00e9ssel j\u00e1rjon el, miel\u0151tt b\u00e1rmilyen inform\u00e1ci\u00f3t megadna ezeknek a webhelyeknek.<\/span><\/p>\n<h3><span style=\"color: #000000;\"><strong>Jelen S\u00fctikre vonatkoz\u00f3 k\u00f6zlem\u00e9ny m\u00f3dos\u00edt\u00e1sa<\/strong><\/span><\/h3>\n<p><span style=\"color: #000000;\">A S\u00fctikre vonatkoz\u00f3 k\u00f6zlem\u00e9ny b\u00e1rmely m\u00f3dos\u00edt\u00e1sa eset\u00e9n azt a webhelyeinken k\u00f6zz\u00e9tessz\u00fck, \u00e9s ekkor a jelen S\u00fctikre vonatkoz\u00f3 k\u00f6zlem\u00e9ny fels\u0151 r\u00e9sz\u00e9n jelzett \u00e9rv\u00e9nyess\u00e9gi id\u0151 is v\u00e1ltozni fog.<\/span><\/p><p><span style=\"color: #000000;\">2025.03.06.<\/span><\/p>\n<\/div>\t\t\t\t\t\t\t\t<\/div>\n\t\t\t\t<\/div>\n\t\t\t\t<div class=\"elementor-element elementor-element-bf76f5b elementor-widget elementor-widget-html\" data-id=\"bf76f5b\" data-element_type=\"widget\" data-e-type=\"widget\" data-widget_type=\"html.default\">\n\t\t\t\t<div class=\"elementor-widget-container\">\n\t\t\t\t\t<div class= \"cky-audit-table-element\"><\/div>\t\t\t\t<\/div>\n\t\t\t\t<\/div>\n\t\t\t\t\t<\/div>\n\t\t<\/div>\n\t\t\t\t\t<\/div>\n\t\t<\/section>\n\t\t\t\t<\/div>\n\t\t","protected":false},"excerpt":{"rendered":"<p>Cookie Nyilatkozat Az&nbsp;AERECO L\u00e9gtechnika Kft.&nbsp;(C\u00edm: 1139 Budapest, F\u00e1y u. 12\/A.., c\u00e9gjegyz\u00e9ksz\u00e1m: 01-09-686531,&nbsp;Ad\u00f3sz\u00e1m: 11984515-2-41, NAIH-96591\/2016),&nbsp;mint Adatkezel\u0151&nbsp;elk\u00f6telezett \u00fcgyfelei \u00e9s partnerei&nbsp;szem\u00e9lyes adatainak v\u00e9delm\u00e9ben, kiemelten fontosnak tartja \u00fcgyfelei inform\u00e1ci\u00f3s rendelkez\u00e9si jog\u00e1nak&nbsp;tiszteletben tart\u00e1s\u00e1t. Az Aereco L\u00e9gtechnika Kft. a szem\u00e9lyes adatokat bizalmasan kezeli, \u00e9s megtesz minden olyan&nbsp;biztons\u00e1gi, technikai \u00e9s szervez\u00e9si int\u00e9zked\u00e9st, mely az adatok biztons\u00e1g\u00e1t garant\u00e1lja.K\u00e9rj\u00fck, vegye fel vel\u00fcnk a kapcsolatot, [&hellip;]<\/p>\n","protected":false},"author":1,"featured_media":0,"parent":0,"menu_order":0,"comment_status":"closed","ping_status":"closed","template":"elementor_header_footer","meta":{"footnotes":""},"class_list":["post-495","page","type-page","status-publish","hentry"],"yoast_head":"<!-- This site is optimized with the Yoast SEO plugin v27.4 - https:\/\/yoast.com\/product\/yoast-seo-wordpress\/ -->\n<title>Cookie nyilatkozat - Aereco-kampany<\/title>\n<meta name=\"robots\" content=\"index, follow, max-snippet:-1, max-image-preview:large, max-video-preview:-1\" \/>\n<link rel=\"canonical\" href=\"https:\/\/aereco-kampany.hu\/?page_id=495\" \/>\n<meta property=\"og:locale\" content=\"hu_HU\" \/>\n<meta property=\"og:type\" content=\"article\" \/>\n<meta property=\"og:title\" content=\"Cookie nyilatkozat - Aereco-kampany\" \/>\n<meta property=\"og:description\" content=\"Cookie Nyilatkozat Az&nbsp;AERECO L\u00e9gtechnika Kft.&nbsp;(C\u00edm: 1139 Budapest, F\u00e1y u. 12\/A.., c\u00e9gjegyz\u00e9ksz\u00e1m: 01-09-686531,&nbsp;Ad\u00f3sz\u00e1m: 11984515-2-41, NAIH-96591\/2016),&nbsp;mint Adatkezel\u0151&nbsp;elk\u00f6telezett \u00fcgyfelei \u00e9s partnerei&nbsp;szem\u00e9lyes adatainak v\u00e9delm\u00e9ben, kiemelten fontosnak tartja \u00fcgyfelei inform\u00e1ci\u00f3s rendelkez\u00e9si jog\u00e1nak&nbsp;tiszteletben tart\u00e1s\u00e1t. Az Aereco L\u00e9gtechnika Kft. a szem\u00e9lyes adatokat bizalmasan kezeli, \u00e9s megtesz minden olyan&nbsp;biztons\u00e1gi, technikai \u00e9s szervez\u00e9si int\u00e9zked\u00e9st, mely az adatok biztons\u00e1g\u00e1t garant\u00e1lja.K\u00e9rj\u00fck, vegye fel vel\u00fcnk a kapcsolatot, [&hellip;]\" \/>\n<meta property=\"og:url\" content=\"https:\/\/aereco-kampany.hu\/?page_id=495\" \/>\n<meta property=\"og:site_name\" content=\"Aereco-kampany\" \/>\n<meta property=\"article:modified_time\" content=\"2025-03-06T11:31:20+00:00\" \/>\n<meta name=\"twitter:card\" content=\"summary_large_image\" \/>\n<meta name=\"twitter:label1\" content=\"Becs\u00fclt olvas\u00e1si id\u0151\" \/>\n\t<meta name=\"twitter:data1\" content=\"4 perc\" \/>\n<script type=\"application\/ld+json\" class=\"yoast-schema-graph\">{\"@context\":\"https:\\\/\\\/schema.org\",\"@graph\":[{\"@type\":\"WebPage\",\"@id\":\"https:\\\/\\\/aereco-kampany.hu\\\/?page_id=495\",\"url\":\"https:\\\/\\\/aereco-kampany.hu\\\/?page_id=495\",\"name\":\"Cookie nyilatkozat - Aereco-kampany\",\"isPartOf\":{\"@id\":\"https:\\\/\\\/aereco-kampany.hu\\\/#website\"},\"datePublished\":\"2023-05-12T12:22:56+00:00\",\"dateModified\":\"2025-03-06T11:31:20+00:00\",\"breadcrumb\":{\"@id\":\"https:\\\/\\\/aereco-kampany.hu\\\/?page_id=495#breadcrumb\"},\"inLanguage\":\"hu\",\"potentialAction\":[{\"@type\":\"ReadAction\",\"target\":[\"https:\\\/\\\/aereco-kampany.hu\\\/?page_id=495\"]}]},{\"@type\":\"BreadcrumbList\",\"@id\":\"https:\\\/\\\/aereco-kampany.hu\\\/?page_id=495#breadcrumb\",\"itemListElement\":[{\"@type\":\"ListItem\",\"position\":1,\"name\":\"Kezd\u0151lap\",\"item\":\"https:\\\/\\\/aereco-kampany.hu\\\/\"},{\"@type\":\"ListItem\",\"position\":2,\"name\":\"Cookie nyilatkozat\"}]},{\"@type\":\"WebSite\",\"@id\":\"https:\\\/\\\/aereco-kampany.hu\\\/#website\",\"url\":\"https:\\\/\\\/aereco-kampany.hu\\\/\",\"name\":\"Aereco-kampany\",\"description\":\"Aereco Kamp\u00e1ny\",\"publisher\":{\"@id\":\"https:\\\/\\\/aereco-kampany.hu\\\/#organization\"},\"potentialAction\":[{\"@type\":\"SearchAction\",\"target\":{\"@type\":\"EntryPoint\",\"urlTemplate\":\"https:\\\/\\\/aereco-kampany.hu\\\/?s={search_term_string}\"},\"query-input\":{\"@type\":\"PropertyValueSpecification\",\"valueRequired\":true,\"valueName\":\"search_term_string\"}}],\"inLanguage\":\"hu\"},{\"@type\":\"Organization\",\"@id\":\"https:\\\/\\\/aereco-kampany.hu\\\/#organization\",\"name\":\"Aereco-kampany\",\"url\":\"https:\\\/\\\/aereco-kampany.hu\\\/\",\"logo\":{\"@type\":\"ImageObject\",\"inLanguage\":\"hu\",\"@id\":\"https:\\\/\\\/aereco-kampany.hu\\\/#\\\/schema\\\/logo\\\/image\\\/\",\"url\":\"https:\\\/\\\/aereco-kampany.hu\\\/wp-content\\\/uploads\\\/2023\\\/05\\\/aereco_aldesgroup_logo.png\",\"contentUrl\":\"https:\\\/\\\/aereco-kampany.hu\\\/wp-content\\\/uploads\\\/2023\\\/05\\\/aereco_aldesgroup_logo.png\",\"width\":2511,\"height\":821,\"caption\":\"Aereco-kampany\"},\"image\":{\"@id\":\"https:\\\/\\\/aereco-kampany.hu\\\/#\\\/schema\\\/logo\\\/image\\\/\"}}]}<\/script>\n<!-- \/ Yoast SEO plugin. -->","yoast_head_json":{"title":"Cookie nyilatkozat - Aereco-kampany","robots":{"index":"index","follow":"follow","max-snippet":"max-snippet:-1","max-image-preview":"max-image-preview:large","max-video-preview":"max-video-preview:-1"},"canonical":"https:\/\/aereco-kampany.hu\/?page_id=495","og_locale":"hu_HU","og_type":"article","og_title":"Cookie nyilatkozat - Aereco-kampany","og_description":"Cookie Nyilatkozat Az&nbsp;AERECO L\u00e9gtechnika Kft.&nbsp;(C\u00edm: 1139 Budapest, F\u00e1y u. 12\/A.., c\u00e9gjegyz\u00e9ksz\u00e1m: 01-09-686531,&nbsp;Ad\u00f3sz\u00e1m: 11984515-2-41, NAIH-96591\/2016),&nbsp;mint Adatkezel\u0151&nbsp;elk\u00f6telezett \u00fcgyfelei \u00e9s partnerei&nbsp;szem\u00e9lyes adatainak v\u00e9delm\u00e9ben, kiemelten fontosnak tartja \u00fcgyfelei inform\u00e1ci\u00f3s rendelkez\u00e9si jog\u00e1nak&nbsp;tiszteletben tart\u00e1s\u00e1t. Az Aereco L\u00e9gtechnika Kft. a szem\u00e9lyes adatokat bizalmasan kezeli, \u00e9s megtesz minden olyan&nbsp;biztons\u00e1gi, technikai \u00e9s szervez\u00e9si int\u00e9zked\u00e9st, mely az adatok biztons\u00e1g\u00e1t garant\u00e1lja.K\u00e9rj\u00fck, vegye fel vel\u00fcnk a kapcsolatot, [&hellip;]","og_url":"https:\/\/aereco-kampany.hu\/?page_id=495","og_site_name":"Aereco-kampany","article_modified_time":"2025-03-06T11:31:20+00:00","twitter_card":"summary_large_image","twitter_misc":{"Becs\u00fclt olvas\u00e1si id\u0151":"4 perc"},"schema":{"@context":"https:\/\/schema.org","@graph":[{"@type":"WebPage","@id":"https:\/\/aereco-kampany.hu\/?page_id=495","url":"https:\/\/aereco-kampany.hu\/?page_id=495","name":"Cookie nyilatkozat - Aereco-kampany","isPartOf":{"@id":"https:\/\/aereco-kampany.hu\/#website"},"datePublished":"2023-05-12T12:22:56+00:00","dateModified":"2025-03-06T11:31:20+00:00","breadcrumb":{"@id":"https:\/\/aereco-kampany.hu\/?page_id=495#breadcrumb"},"inLanguage":"hu","potentialAction":[{"@type":"ReadAction","target":["https:\/\/aereco-kampany.hu\/?page_id=495"]}]},{"@type":"BreadcrumbList","@id":"https:\/\/aereco-kampany.hu\/?page_id=495#breadcrumb","itemListElement":[{"@type":"ListItem","position":1,"name":"Kezd\u0151lap","item":"https:\/\/aereco-kampany.hu\/"},{"@type":"ListItem","position":2,"name":"Cookie nyilatkozat"}]},{"@type":"WebSite","@id":"https:\/\/aereco-kampany.hu\/#website","url":"https:\/\/aereco-kampany.hu\/","name":"Aereco-kampany","description":"Aereco Kamp\u00e1ny","publisher":{"@id":"https:\/\/aereco-kampany.hu\/#organization"},"potentialAction":[{"@type":"SearchAction","target":{"@type":"EntryPoint","urlTemplate":"https:\/\/aereco-kampany.hu\/?s={search_term_string}"},"query-input":{"@type":"PropertyValueSpecification","valueRequired":true,"valueName":"search_term_string"}}],"inLanguage":"hu"},{"@type":"Organization","@id":"https:\/\/aereco-kampany.hu\/#organization","name":"Aereco-kampany","url":"https:\/\/aereco-kampany.hu\/","logo":{"@type":"ImageObject","inLanguage":"hu","@id":"https:\/\/aereco-kampany.hu\/#\/schema\/logo\/image\/","url":"https:\/\/aereco-kampany.hu\/wp-content\/uploads\/2023\/05\/aereco_aldesgroup_logo.png","contentUrl":"https:\/\/aereco-kampany.hu\/wp-content\/uploads\/2023\/05\/aereco_aldesgroup_logo.png","width":2511,"height":821,"caption":"Aereco-kampany"},"image":{"@id":"https:\/\/aereco-kampany.hu\/#\/schema\/logo\/image\/"}}]}},"_links":{"self":[{"href":"https:\/\/aereco-kampany.hu\/index.php?rest_route=\/wp\/v2\/pages\/495","targetHints":{"allow":["GET"]}}],"collection":[{"href":"https:\/\/aereco-kampany.hu\/index.php?rest_route=\/wp\/v2\/pages"}],"about":[{"href":"https:\/\/aereco-kampany.hu\/index.php?rest_route=\/wp\/v2\/types\/page"}],"author":[{"embeddable":true,"href":"https:\/\/aereco-kampany.hu\/index.php?rest_route=\/wp\/v2\/users\/1"}],"replies":[{"embeddable":true,"href":"https:\/\/aereco-kampany.hu\/index.php?rest_route=%2Fwp%2Fv2%2Fcomments&post=495"}],"version-history":[{"count":3,"href":"https:\/\/aereco-kampany.hu\/index.php?rest_route=\/wp\/v2\/pages\/495\/revisions"}],"predecessor-version":[{"id":1551,"href":"https:\/\/aereco-kampany.hu\/index.php?rest_route=\/wp\/v2\/pages\/495\/revisions\/1551"}],"wp:attachment":[{"href":"https:\/\/aereco-kampany.hu\/index.php?rest_route=%2Fwp%2Fv2%2Fmedia&parent=495"}],"curies":[{"name":"wp","href":"https:\/\/api.w.org\/{rel}","templated":true}]}}